{"id":8912,"date":"2025-11-24T09:55:49","date_gmt":"2025-11-24T09:55:49","guid":{"rendered":"https:\/\/www.sutherland-education.com\/sra-betty-sutherland\/"},"modified":"2026-02-09T12:52:41","modified_gmt":"2026-02-09T12:52:41","slug":"sra-betty-sutherland","status":"publish","type":"page","link":"https:\/\/www.sutherland-education.com\/es\/sra-betty-sutherland\/","title":{"rendered":"Sra. Betty Sutherland"},"content":{"rendered":"\t\t<div data-elementor-type=\"wp-page\" data-elementor-id=\"8912\" class=\"elementor elementor-8912 elementor-7477\" data-elementor-post-type=\"page\">\n\t\t\t\t<div class=\"elementor-element elementor-element-c25950a e-con-full e-flex e-con e-parent\" data-id=\"c25950a\" data-element_type=\"container\" data-e-type=\"container\" data-settings=\"{&quot;background_background&quot;:&quot;classic&quot;}\">\n\t\t<div class=\"elementor-element elementor-element-7b5de75 e-con-full e-flex e-con e-child\" data-id=\"7b5de75\" data-element_type=\"container\" data-e-type=\"container\" data-settings=\"{&quot;background_background&quot;:&quot;classic&quot;}\">\n\t\t<div class=\"elementor-element elementor-element-0974176 e-flex e-con-boxed e-con e-child\" data-id=\"0974176\" data-element_type=\"container\" data-e-type=\"container\">\n\t\t\t\t\t<div class=\"e-con-inner\">\n\t\t\t\t<div class=\"elementor-element elementor-element-72f0f20 elementor-align-center elementor-widget elementor-widget-breadcrumbs\" data-id=\"72f0f20\" data-element_type=\"widget\" data-e-type=\"widget\" data-widget_type=\"breadcrumbs.default\">\n\t\t\t\t<div class=\"elementor-widget-container\">\n\t\t\t\t\t<p id=\"breadcrumbs\"><span><span><a href=\"https:\/\/www.sutherland-education.com\/es\/inicio-2\/\">Home<\/a><\/span><\/span><\/p>\t\t\t\t<\/div>\n\t\t\t\t<\/div>\n\t\t\t\t<div class=\"elementor-element elementor-element-63936e3 elementor-widget elementor-widget-theme-post-title elementor-page-title elementor-widget-heading\" data-id=\"63936e3\" data-element_type=\"widget\" data-e-type=\"widget\" data-widget_type=\"theme-post-title.default\">\n\t\t\t\t<div class=\"elementor-widget-container\">\n\t\t\t\t\t<h1 class=\"elementor-heading-title elementor-size-default\">Sra. Betty Sutherland<\/h1>\t\t\t\t<\/div>\n\t\t\t\t<\/div>\n\t\t\t\t\t<\/div>\n\t\t\t\t<\/div>\n\t\t\t\t<\/div>\n\t\t\t\t<\/div>\n\t\t<div class=\"elementor-element elementor-element-1e1f33e e-flex e-con-boxed e-con e-parent\" data-id=\"1e1f33e\" data-element_type=\"container\" data-e-type=\"container\">\n\t\t\t\t\t<div class=\"e-con-inner\">\n\t\t<div class=\"elementor-element elementor-element-aa95eb6 e-con-full e-flex e-con e-child\" data-id=\"aa95eb6\" data-element_type=\"container\" data-e-type=\"container\">\n\t\t\t\t<div class=\"elementor-element elementor-element-bfee081 elementor-widget elementor-widget-image\" data-id=\"bfee081\" data-element_type=\"widget\" data-e-type=\"widget\" data-widget_type=\"image.default\">\n\t\t\t\t<div class=\"elementor-widget-container\">\n\t\t\t\t\t\t\t\t\t\t\t\t\t\t\t<img fetchpriority=\"high\" decoding=\"async\" width=\"642\" height=\"1188\" src=\"https:\/\/www.sutherland-education.com\/wp-content\/uploads\/2026\/01\/Photo-Betty-Picsart-AiImageEnhancer.jpg\" class=\"attachment-full size-full wp-image-8233\" alt=\"\" srcset=\"https:\/\/www.sutherland-education.com\/wp-content\/uploads\/2026\/01\/Photo-Betty-Picsart-AiImageEnhancer.jpg 642w, https:\/\/www.sutherland-education.com\/wp-content\/uploads\/2026\/01\/Photo-Betty-Picsart-AiImageEnhancer-162x300.jpg 162w, https:\/\/www.sutherland-education.com\/wp-content\/uploads\/2026\/01\/Photo-Betty-Picsart-AiImageEnhancer-553x1024.jpg 553w\" sizes=\"(max-width: 642px) 100vw, 642px\" \/>\t\t\t\t\t\t\t\t\t\t\t\t\t\t\t<\/div>\n\t\t\t\t<\/div>\n\t\t\t\t<\/div>\n\t\t<div class=\"elementor-element elementor-element-99d2bca e-con-full e-flex e-con e-child\" data-id=\"99d2bca\" data-element_type=\"container\" data-e-type=\"container\">\n\t\t\t\t<div class=\"elementor-element elementor-element-759876c elementor-widget elementor-widget-text-editor\" data-id=\"759876c\" data-element_type=\"widget\" data-e-type=\"widget\" data-widget_type=\"text-editor.default\">\n\t\t\t\t<div class=\"elementor-widget-container\">\n\t\t\t\t\t\t\t\t\t<p><strong>Nacida Betty Brooker en 1916, ten\u00eda un hermano menor, Peter, muerto en la Segunda Guerra Mundial, que tuvo una distinguida carrera en la RAF como jefe de escuadr\u00f3n y comandante de ala, y una hermana menor, Mary. Perdi\u00f3 a su padre cuando a\u00fan era una ni\u00f1a de 12 a\u00f1os y pronto aprendi\u00f3 las exigencias de la responsabilidad, al ser la hija mayor de una familia monoparental. <\/strong><\/p><p>Directora de la Roseberry School de Epsom, fue una de las primeras mujeres licenciadas por el Kings College de Londres, donde estudi\u00f3 Ciencias Sociales y del Hogar, tras lo cual curs\u00f3 un a\u00f1o de postgrado en el Girton College de Cambridge. En 1937 formaba parte de una minor\u00eda muy reducida de licenciadas universitarias. En la Segunda Guerra Mundial fue Directora de las Comidas Escolares de Surrey.  <\/p><p>M\u00e1s tarde trabaj\u00f3 para la Marmite Company en Londres. Con su marido, Bruce, tuvo cuatro hijos varones, y tras la guerra su principal preocupaci\u00f3n pas\u00f3 a ser su educaci\u00f3n. Se convirti\u00f3 en conservadora profesional de casas y jardines hist\u00f3ricos, y finalmente ocup\u00f3 con su familia Batemans, la casa del famoso poeta y escritor ingl\u00e9s Rudyard Kipling.  <\/p><p>Fue aqu\u00ed donde, de 1965 a 1983, paralelamente a su funci\u00f3n de conservadora, la Sra. Sutherland se convirti\u00f3 en tutora de un gran n\u00famero de ni\u00f1os procedentes del extranjero que estaban en un internado en Inglaterra, y Bateman&#8217;s era su \u00abhogar lejos del hogar\u00bb. En consecuencia, fund\u00f3 lo que algunos expertos consideran la primera asociaci\u00f3n de tutela del Reino Unido, \u00abThe Kith and Kind Association\u00bb. Esto encaj\u00f3 con Sutherland Education, fundada por su hijo, Andrew Sutherland.  <\/p>\t\t\t\t\t\t\t\t<\/div>\n\t\t\t\t<\/div>\n\t\t\t\t<\/div>\n\t\t\t\t\t<\/div>\n\t\t\t\t<\/div>\n\t\t\t\t<\/div>\n\t\t","protected":false},"excerpt":{"rendered":"<p>Nacida Betty Brooker en 1916, ten\u00eda un hermano menor, Peter, muerto en la Segunda Guerra Mundial, que tuvo una distinguida carrera en la RAF como jefe de escuadr\u00f3n y comandante de ala, y una hermana menor, Mary. Perdi\u00f3 a su padre cuando a\u00fan era una ni\u00f1a de 12 a\u00f1os y pronto aprendi\u00f3 las exigencias de [&hellip;]<\/p>\n","protected":false},"author":1,"featured_media":0,"parent":0,"menu_order":0,"comment_status":"closed","ping_status":"closed","template":"","meta":{"_acf_changed":false,"footnotes":""},"class_list":["post-8912","page","type-page","status-publish","hentry"],"acf":[],"yoast_head":"<!-- This site is optimized with the Yoast SEO plugin v27.1.1 - https:\/\/yoast.com\/product\/yoast-seo-wordpress\/ -->\n<title>Sra. Betty Sutherland - Sutherland Education<\/title>\n<meta name=\"robots\" content=\"index, follow, max-snippet:-1, max-image-preview:large, max-video-preview:-1\" \/>\n<link rel=\"canonical\" href=\"https:\/\/www.sutherland-education.com\/es\/sra-betty-sutherland\/\" \/>\n<meta property=\"og:locale\" content=\"es_ES\" \/>\n<meta property=\"og:type\" content=\"article\" \/>\n<meta property=\"og:title\" content=\"Sra. Betty Sutherland - Sutherland Education\" \/>\n<meta property=\"og:description\" content=\"Nacida Betty Brooker en 1916, ten\u00eda un hermano menor, Peter, muerto en la Segunda Guerra Mundial, que tuvo una distinguida carrera en la RAF como jefe de escuadr\u00f3n y comandante de ala, y una hermana menor, Mary. Perdi\u00f3 a su padre cuando a\u00fan era una ni\u00f1a de 12 a\u00f1os y pronto aprendi\u00f3 las exigencias de [&hellip;]\" \/>\n<meta property=\"og:url\" content=\"https:\/\/www.sutherland-education.com\/es\/sra-betty-sutherland\/\" \/>\n<meta property=\"og:site_name\" content=\"Sutherland Education\" \/>\n<meta property=\"article:modified_time\" content=\"2026-02-09T12:52:41+00:00\" \/>\n<meta property=\"og:image\" content=\"https:\/\/www.sutherland-education.com\/wp-content\/uploads\/2026\/01\/Photo-Betty-Picsart-AiImageEnhancer.jpg\" \/>\n\t<meta property=\"og:image:width\" content=\"642\" \/>\n\t<meta property=\"og:image:height\" content=\"1188\" \/>\n\t<meta property=\"og:image:type\" content=\"image\/jpeg\" \/>\n<meta name=\"twitter:card\" content=\"summary_large_image\" \/>\n<meta name=\"twitter:label1\" content=\"Tiempo de lectura\" \/>\n\t<meta name=\"twitter:data1\" content=\"1 minuto\" \/>\n<script type=\"application\/ld+json\" class=\"yoast-schema-graph\">{\"@context\":\"https:\/\/schema.org\",\"@graph\":[{\"@type\":\"WebPage\",\"@id\":\"https:\/\/www.sutherland-education.com\/es\/sra-betty-sutherland\/\",\"url\":\"https:\/\/www.sutherland-education.com\/es\/sra-betty-sutherland\/\",\"name\":\"Sra. Betty Sutherland - Sutherland Education\",\"isPartOf\":{\"@id\":\"https:\/\/www.sutherland-education.com\/#website\"},\"primaryImageOfPage\":{\"@id\":\"https:\/\/www.sutherland-education.com\/es\/sra-betty-sutherland\/#primaryimage\"},\"image\":{\"@id\":\"https:\/\/www.sutherland-education.com\/es\/sra-betty-sutherland\/#primaryimage\"},\"thumbnailUrl\":\"https:\/\/www.sutherland-education.com\/wp-content\/uploads\/2026\/01\/Photo-Betty-Picsart-AiImageEnhancer.jpg\",\"datePublished\":\"2025-11-24T09:55:49+00:00\",\"dateModified\":\"2026-02-09T12:52:41+00:00\",\"breadcrumb\":{\"@id\":\"https:\/\/www.sutherland-education.com\/es\/sra-betty-sutherland\/#breadcrumb\"},\"inLanguage\":\"es\",\"potentialAction\":[{\"@type\":\"ReadAction\",\"target\":[\"https:\/\/www.sutherland-education.com\/es\/sra-betty-sutherland\/\"]}]},{\"@type\":\"ImageObject\",\"inLanguage\":\"es\",\"@id\":\"https:\/\/www.sutherland-education.com\/es\/sra-betty-sutherland\/#primaryimage\",\"url\":\"https:\/\/www.sutherland-education.com\/wp-content\/uploads\/2026\/01\/Photo-Betty-Picsart-AiImageEnhancer.jpg\",\"contentUrl\":\"https:\/\/www.sutherland-education.com\/wp-content\/uploads\/2026\/01\/Photo-Betty-Picsart-AiImageEnhancer.jpg\"},{\"@type\":\"BreadcrumbList\",\"@id\":\"https:\/\/www.sutherland-education.com\/es\/sra-betty-sutherland\/#breadcrumb\",\"itemListElement\":[{\"@type\":\"ListItem\",\"position\":1,\"name\":\"Home\",\"item\":\"https:\/\/www.sutherland-education.com\/es\/inicio-2\/\"},{\"@type\":\"ListItem\",\"position\":2,\"name\":\"Sra. Betty Sutherland\"}]},{\"@type\":\"WebSite\",\"@id\":\"https:\/\/www.sutherland-education.com\/#website\",\"url\":\"https:\/\/www.sutherland-education.com\/\",\"name\":\"Sutherland Education\",\"description\":\"\",\"publisher\":{\"@id\":\"https:\/\/www.sutherland-education.com\/#organization\"},\"potentialAction\":[{\"@type\":\"SearchAction\",\"target\":{\"@type\":\"EntryPoint\",\"urlTemplate\":\"https:\/\/www.sutherland-education.com\/?s={search_term_string}\"},\"query-input\":{\"@type\":\"PropertyValueSpecification\",\"valueRequired\":true,\"valueName\":\"search_term_string\"}}],\"inLanguage\":\"es\"},{\"@type\":\"Organization\",\"@id\":\"https:\/\/www.sutherland-education.com\/#organization\",\"name\":\"Sutherland Education\",\"url\":\"https:\/\/www.sutherland-education.com\/\",\"logo\":{\"@type\":\"ImageObject\",\"inLanguage\":\"es\",\"@id\":\"https:\/\/www.sutherland-education.com\/#\/schema\/logo\/image\/\",\"url\":\"https:\/\/www.sutherland-education.com\/wp-content\/uploads\/2024\/08\/SEG-logo-1.svg\",\"contentUrl\":\"https:\/\/www.sutherland-education.com\/wp-content\/uploads\/2024\/08\/SEG-logo-1.svg\",\"width\":273,\"height\":60,\"caption\":\"Sutherland Education\"},\"image\":{\"@id\":\"https:\/\/www.sutherland-education.com\/#\/schema\/logo\/image\/\"}}]}<\/script>\n<!-- \/ Yoast SEO plugin. -->","yoast_head_json":{"title":"Sra. Betty Sutherland - Sutherland Education","robots":{"index":"index","follow":"follow","max-snippet":"max-snippet:-1","max-image-preview":"max-image-preview:large","max-video-preview":"max-video-preview:-1"},"canonical":"https:\/\/www.sutherland-education.com\/es\/sra-betty-sutherland\/","og_locale":"es_ES","og_type":"article","og_title":"Sra. Betty Sutherland - Sutherland Education","og_description":"Nacida Betty Brooker en 1916, ten\u00eda un hermano menor, Peter, muerto en la Segunda Guerra Mundial, que tuvo una distinguida carrera en la RAF como jefe de escuadr\u00f3n y comandante de ala, y una hermana menor, Mary. Perdi\u00f3 a su padre cuando a\u00fan era una ni\u00f1a de 12 a\u00f1os y pronto aprendi\u00f3 las exigencias de [&hellip;]","og_url":"https:\/\/www.sutherland-education.com\/es\/sra-betty-sutherland\/","og_site_name":"Sutherland Education","article_modified_time":"2026-02-09T12:52:41+00:00","og_image":[{"width":642,"height":1188,"url":"https:\/\/www.sutherland-education.com\/wp-content\/uploads\/2026\/01\/Photo-Betty-Picsart-AiImageEnhancer.jpg","type":"image\/jpeg"}],"twitter_card":"summary_large_image","twitter_misc":{"Tiempo de lectura":"1 minuto"},"schema":{"@context":"https:\/\/schema.org","@graph":[{"@type":"WebPage","@id":"https:\/\/www.sutherland-education.com\/es\/sra-betty-sutherland\/","url":"https:\/\/www.sutherland-education.com\/es\/sra-betty-sutherland\/","name":"Sra. Betty Sutherland - Sutherland Education","isPartOf":{"@id":"https:\/\/www.sutherland-education.com\/#website"},"primaryImageOfPage":{"@id":"https:\/\/www.sutherland-education.com\/es\/sra-betty-sutherland\/#primaryimage"},"image":{"@id":"https:\/\/www.sutherland-education.com\/es\/sra-betty-sutherland\/#primaryimage"},"thumbnailUrl":"https:\/\/www.sutherland-education.com\/wp-content\/uploads\/2026\/01\/Photo-Betty-Picsart-AiImageEnhancer.jpg","datePublished":"2025-11-24T09:55:49+00:00","dateModified":"2026-02-09T12:52:41+00:00","breadcrumb":{"@id":"https:\/\/www.sutherland-education.com\/es\/sra-betty-sutherland\/#breadcrumb"},"inLanguage":"es","potentialAction":[{"@type":"ReadAction","target":["https:\/\/www.sutherland-education.com\/es\/sra-betty-sutherland\/"]}]},{"@type":"ImageObject","inLanguage":"es","@id":"https:\/\/www.sutherland-education.com\/es\/sra-betty-sutherland\/#primaryimage","url":"https:\/\/www.sutherland-education.com\/wp-content\/uploads\/2026\/01\/Photo-Betty-Picsart-AiImageEnhancer.jpg","contentUrl":"https:\/\/www.sutherland-education.com\/wp-content\/uploads\/2026\/01\/Photo-Betty-Picsart-AiImageEnhancer.jpg"},{"@type":"BreadcrumbList","@id":"https:\/\/www.sutherland-education.com\/es\/sra-betty-sutherland\/#breadcrumb","itemListElement":[{"@type":"ListItem","position":1,"name":"Home","item":"https:\/\/www.sutherland-education.com\/es\/inicio-2\/"},{"@type":"ListItem","position":2,"name":"Sra. Betty Sutherland"}]},{"@type":"WebSite","@id":"https:\/\/www.sutherland-education.com\/#website","url":"https:\/\/www.sutherland-education.com\/","name":"Sutherland Education","description":"","publisher":{"@id":"https:\/\/www.sutherland-education.com\/#organization"},"potentialAction":[{"@type":"SearchAction","target":{"@type":"EntryPoint","urlTemplate":"https:\/\/www.sutherland-education.com\/?s={search_term_string}"},"query-input":{"@type":"PropertyValueSpecification","valueRequired":true,"valueName":"search_term_string"}}],"inLanguage":"es"},{"@type":"Organization","@id":"https:\/\/www.sutherland-education.com\/#organization","name":"Sutherland Education","url":"https:\/\/www.sutherland-education.com\/","logo":{"@type":"ImageObject","inLanguage":"es","@id":"https:\/\/www.sutherland-education.com\/#\/schema\/logo\/image\/","url":"https:\/\/www.sutherland-education.com\/wp-content\/uploads\/2024\/08\/SEG-logo-1.svg","contentUrl":"https:\/\/www.sutherland-education.com\/wp-content\/uploads\/2024\/08\/SEG-logo-1.svg","width":273,"height":60,"caption":"Sutherland Education"},"image":{"@id":"https:\/\/www.sutherland-education.com\/#\/schema\/logo\/image\/"}}]}},"_links":{"self":[{"href":"https:\/\/www.sutherland-education.com\/es\/wp-json\/wp\/v2\/pages\/8912","targetHints":{"allow":["GET"]}}],"collection":[{"href":"https:\/\/www.sutherland-education.com\/es\/wp-json\/wp\/v2\/pages"}],"about":[{"href":"https:\/\/www.sutherland-education.com\/es\/wp-json\/wp\/v2\/types\/page"}],"author":[{"embeddable":true,"href":"https:\/\/www.sutherland-education.com\/es\/wp-json\/wp\/v2\/users\/1"}],"replies":[{"embeddable":true,"href":"https:\/\/www.sutherland-education.com\/es\/wp-json\/wp\/v2\/comments?post=8912"}],"version-history":[{"count":1,"href":"https:\/\/www.sutherland-education.com\/es\/wp-json\/wp\/v2\/pages\/8912\/revisions"}],"predecessor-version":[{"id":8913,"href":"https:\/\/www.sutherland-education.com\/es\/wp-json\/wp\/v2\/pages\/8912\/revisions\/8913"}],"wp:attachment":[{"href":"https:\/\/www.sutherland-education.com\/es\/wp-json\/wp\/v2\/media?parent=8912"}],"curies":[{"name":"wp","href":"https:\/\/api.w.org\/{rel}","templated":true}]}}