{"id":5828,"date":"2024-08-29T06:32:35","date_gmt":"2024-08-29T06:32:35","guid":{"rendered":"https:\/\/www.sutherland-education.com\/noticias\/"},"modified":"2025-10-31T05:57:01","modified_gmt":"2025-10-31T05:57:01","slug":"noticias","status":"publish","type":"page","link":"https:\/\/www.sutherland-education.com\/es\/noticias\/","title":{"rendered":"Reflexiones \u00fatiles"},"content":{"rendered":"\t\t<div data-elementor-type=\"wp-page\" data-elementor-id=\"5828\" class=\"elementor elementor-5828 elementor-1459\" data-elementor-post-type=\"page\">\n\t\t\t\t<div class=\"elementor-element elementor-element-de85f18 e-con-full e-flex e-con e-parent\" data-id=\"de85f18\" data-element_type=\"container\" data-e-type=\"container\" data-settings=\"{&quot;background_background&quot;:&quot;classic&quot;}\">\n\t\t<div class=\"elementor-element elementor-element-b02d70e e-con-full e-flex e-con e-child\" data-id=\"b02d70e\" data-element_type=\"container\" data-e-type=\"container\" data-settings=\"{&quot;background_background&quot;:&quot;classic&quot;}\">\n\t\t<div class=\"elementor-element elementor-element-566ca07 e-flex e-con-boxed e-con e-child\" data-id=\"566ca07\" data-element_type=\"container\" data-e-type=\"container\">\n\t\t\t\t\t<div class=\"e-con-inner\">\n\t\t\t\t<div class=\"elementor-element elementor-element-07bf49b elementor-align-center elementor-widget elementor-widget-breadcrumbs\" data-id=\"07bf49b\" data-element_type=\"widget\" data-e-type=\"widget\" data-widget_type=\"breadcrumbs.default\">\n\t\t\t\t<div class=\"elementor-widget-container\">\n\t\t\t\t\t<p id=\"breadcrumbs\"><span><span><a href=\"https:\/\/www.sutherland-education.com\/es\/inicio-2\/\">Home<\/a><\/span><\/span><\/p>\t\t\t\t<\/div>\n\t\t\t\t<\/div>\n\t\t\t\t<div class=\"elementor-element elementor-element-83eda0f elementor-widget elementor-widget-heading\" data-id=\"83eda0f\" data-element_type=\"widget\" data-e-type=\"widget\" data-widget_type=\"heading.default\">\n\t\t\t\t<div class=\"elementor-widget-container\">\n\t\t\t\t\t<h1 class=\"elementor-heading-title elementor-size-default\"><strong>Reflexiones<\/strong> \u00fatiles<\/h1>\t\t\t\t<\/div>\n\t\t\t\t<\/div>\n\t\t\t\t\t<\/div>\n\t\t\t\t<\/div>\n\t\t\t\t<\/div>\n\t\t\t\t<\/div>\n\t\t<div class=\"elementor-element elementor-element-dfc1112 e-flex e-con-boxed e-con e-parent\" data-id=\"dfc1112\" data-element_type=\"container\" data-e-type=\"container\" data-settings=\"{&quot;background_background&quot;:&quot;classic&quot;}\">\n\t\t\t\t\t<div class=\"e-con-inner\">\n\t\t\t\t<div class=\"elementor-element elementor-element-e43acb0 elementor-widget elementor-widget-shortcode\" data-id=\"e43acb0\" data-element_type=\"widget\" data-e-type=\"widget\" data-widget_type=\"shortcode.default\">\n\t\t\t\t<div class=\"elementor-widget-container\">\n\t\t\t\t\t\t\t<div class=\"elementor-shortcode\">    <div class=\"news-container\">\n        <ul class=\"news-links\">\n            \n            <li class=\"news-link active\" data-category=\"all-news\">\n                <a href=\"#\">Todas las reflexiones<\/a>\n            <\/li>\n        <\/ul>\n        \n        <!-- Tab Content -->\n        <div class=\"news-content\">\n            <!-- Display the \"All News\" label and posts -->\n            <div class=\"news-content-section\" data-category=\"all-news\" style=\"display: block;\">\n                <div class=\"news-posts\" data-category=\"all-news\">\n                    <span class=\"loader\"><\/span>\n                    <!-- Loop through and display all posts -->\n                                            <div class=\"news-post\">\n                            <h3>La visi\u00f3n de nuestro director sobre la tutela<\/h3>\n                            <div class=\"post-excerpt\"><p>Andrew Sutherland, director de Sutherland Education, tiene firmes convicciones sobre c\u00f3mo se debe cuidar a los estudiantes internacionales que vienen a estudiar al Reino Unido. \u00abSutherland Education es una organizaci\u00f3n asistencial\u00bb, dice Andrew. <\/p>\n<\/div>\n                            <a href=\"https:\/\/www.sutherland-education.com\/es\/news\/la-vision-de-nuestro-director-sobre-la-tutela\/\">Leer m\u00e1s<\/a>\n                        <\/div>\n                                            <div class=\"news-post\">\n                            <h3>Cosas que hacer en las vacaciones de verano<\/h3>\n                            <div class=\"post-excerpt\"><p>As\u00ed que has terminado los ex\u00e1menes. \u00a1Qu\u00e9 alivio! Todos esos meses de trabajo y las \u00faltimas semanas de estudio de \u00faltima hora para asegurarte de que tu cerebro estaba tan atiborrado de informaci\u00f3n como era posible. Por no hablar del estr\u00e9s que induce el sudor de estar sentado garabateando en   <\/p>\n<\/div>\n                            <a href=\"https:\/\/www.sutherland-education.com\/es\/news\/cosas-que-hacer-en-las-vacaciones-de-verano\/\">Leer m\u00e1s<\/a>\n                        <\/div>\n                                            <div class=\"news-post\">\n                            <h3>Cinco actividades encantadoramente brit\u00e1nicas para estudiantes<\/h3>\n                            <div class=\"post-excerpt\"><p>Delicados azafranes y narcisos empiezan a surgir de la tierra anta\u00f1o helada y las cr\u00edas de animales dan la bienvenida al mundo en las granjas de todo el pa\u00eds. La campi\u00f1a brit\u00e1nica respira aliviada tras el largo invierno. La primavera ya est\u00e1 aqu\u00ed. A medida que las cosas empiezan   <\/p>\n<\/div>\n                            <a href=\"https:\/\/www.sutherland-education.com\/es\/news\/cinco-actividades-encantadoramente-britanicas-para-estudiantes\/\">Leer m\u00e1s<\/a>\n                        <\/div>\n                                            <div class=\"news-post\">\n                            <h3>C\u00f3mo ser tutor de una familia de acogida<\/h3>\n                            <div class=\"post-excerpt\"><p>\u00bfQu\u00e9 haces cuando tus hijos crecen y vuelan del nido? Para algunos padres, es el momento de desplegar las alas tras los intensos a\u00f1os de la paternidad, pero para otros sigue existiendo el deseo de tener cerca a gente joven a la que criar y cuidar. <\/p>\n<\/div>\n                            <a href=\"https:\/\/www.sutherland-education.com\/es\/news\/como-ser-tutor-de-una-familia-de-acogida\/\">Leer m\u00e1s<\/a>\n                        <\/div>\n                                    <\/div>\n                <div class=\"pagination\">\n                                    <\/div>\n            <\/div>\n        <\/div>\n    <\/div>\n    <\/div>\n\t\t\t\t\t\t<\/div>\n\t\t\t\t<\/div>\n\t\t\t\t\t<\/div>\n\t\t\t\t<\/div>\n\t\t\t\t<\/div>\n\t\t","protected":false},"excerpt":{"rendered":"<p>Reflexiones \u00fatiles<\/p>\n","protected":false},"author":1,"featured_media":0,"parent":0,"menu_order":0,"comment_status":"closed","ping_status":"closed","template":"","meta":{"_acf_changed":false,"footnotes":""},"class_list":["post-5828","page","type-page","status-publish","hentry"],"acf":[],"yoast_head":"<!-- This site is optimized with the Yoast SEO plugin v27.5 - https:\/\/yoast.com\/product\/yoast-seo-wordpress\/ -->\n<title>Reflexiones \u00fatiles - Sutherland Education<\/title>\n<meta name=\"robots\" content=\"index, follow, max-snippet:-1, max-image-preview:large, max-video-preview:-1\" \/>\n<link rel=\"canonical\" href=\"https:\/\/www.sutherland-education.com\/es\/noticias\/\" \/>\n<meta property=\"og:locale\" content=\"es_ES\" \/>\n<meta property=\"og:type\" content=\"article\" \/>\n<meta property=\"og:title\" content=\"Reflexiones \u00fatiles - Sutherland Education\" \/>\n<meta property=\"og:description\" content=\"Reflexiones \u00fatiles\" \/>\n<meta property=\"og:url\" content=\"https:\/\/www.sutherland-education.com\/es\/noticias\/\" \/>\n<meta property=\"og:site_name\" content=\"Sutherland Education\" \/>\n<meta property=\"article:modified_time\" content=\"2025-10-31T05:57:01+00:00\" \/>\n<meta name=\"twitter:card\" content=\"summary_large_image\" \/>\n<script type=\"application\/ld+json\" class=\"yoast-schema-graph\">{\"@context\":\"https:\\\/\\\/schema.org\",\"@graph\":[{\"@type\":\"WebPage\",\"@id\":\"https:\\\/\\\/www.sutherland-education.com\\\/es\\\/noticias\\\/\",\"url\":\"https:\\\/\\\/www.sutherland-education.com\\\/es\\\/noticias\\\/\",\"name\":\"Reflexiones \u00fatiles - Sutherland Education\",\"isPartOf\":{\"@id\":\"https:\\\/\\\/www.sutherland-education.com\\\/#website\"},\"datePublished\":\"2024-08-29T06:32:35+00:00\",\"dateModified\":\"2025-10-31T05:57:01+00:00\",\"breadcrumb\":{\"@id\":\"https:\\\/\\\/www.sutherland-education.com\\\/es\\\/noticias\\\/#breadcrumb\"},\"inLanguage\":\"es\",\"potentialAction\":[{\"@type\":\"ReadAction\",\"target\":[\"https:\\\/\\\/www.sutherland-education.com\\\/es\\\/noticias\\\/\"]}]},{\"@type\":\"BreadcrumbList\",\"@id\":\"https:\\\/\\\/www.sutherland-education.com\\\/es\\\/noticias\\\/#breadcrumb\",\"itemListElement\":[{\"@type\":\"ListItem\",\"position\":1,\"name\":\"Home\",\"item\":\"https:\\\/\\\/www.sutherland-education.com\\\/es\\\/inicio-2\\\/\"},{\"@type\":\"ListItem\",\"position\":2,\"name\":\"Reflexiones \u00fatiles\"}]},{\"@type\":\"WebSite\",\"@id\":\"https:\\\/\\\/www.sutherland-education.com\\\/#website\",\"url\":\"https:\\\/\\\/www.sutherland-education.com\\\/\",\"name\":\"Sutherland Education\",\"description\":\"\",\"publisher\":{\"@id\":\"https:\\\/\\\/www.sutherland-education.com\\\/#organization\"},\"potentialAction\":[{\"@type\":\"SearchAction\",\"target\":{\"@type\":\"EntryPoint\",\"urlTemplate\":\"https:\\\/\\\/www.sutherland-education.com\\\/?s={search_term_string}\"},\"query-input\":{\"@type\":\"PropertyValueSpecification\",\"valueRequired\":true,\"valueName\":\"search_term_string\"}}],\"inLanguage\":\"es\"},{\"@type\":\"Organization\",\"@id\":\"https:\\\/\\\/www.sutherland-education.com\\\/#organization\",\"name\":\"Sutherland Education\",\"url\":\"https:\\\/\\\/www.sutherland-education.com\\\/\",\"logo\":{\"@type\":\"ImageObject\",\"inLanguage\":\"es\",\"@id\":\"https:\\\/\\\/www.sutherland-education.com\\\/#\\\/schema\\\/logo\\\/image\\\/\",\"url\":\"https:\\\/\\\/www.sutherland-education.com\\\/wp-content\\\/uploads\\\/2024\\\/08\\\/SEG-logo-1.svg\",\"contentUrl\":\"https:\\\/\\\/www.sutherland-education.com\\\/wp-content\\\/uploads\\\/2024\\\/08\\\/SEG-logo-1.svg\",\"width\":273,\"height\":60,\"caption\":\"Sutherland Education\"},\"image\":{\"@id\":\"https:\\\/\\\/www.sutherland-education.com\\\/#\\\/schema\\\/logo\\\/image\\\/\"}}]}<\/script>\n<!-- \/ Yoast SEO plugin. -->","yoast_head_json":{"title":"Reflexiones \u00fatiles - Sutherland Education","robots":{"index":"index","follow":"follow","max-snippet":"max-snippet:-1","max-image-preview":"max-image-preview:large","max-video-preview":"max-video-preview:-1"},"canonical":"https:\/\/www.sutherland-education.com\/es\/noticias\/","og_locale":"es_ES","og_type":"article","og_title":"Reflexiones \u00fatiles - Sutherland Education","og_description":"Reflexiones \u00fatiles","og_url":"https:\/\/www.sutherland-education.com\/es\/noticias\/","og_site_name":"Sutherland Education","article_modified_time":"2025-10-31T05:57:01+00:00","twitter_card":"summary_large_image","schema":{"@context":"https:\/\/schema.org","@graph":[{"@type":"WebPage","@id":"https:\/\/www.sutherland-education.com\/es\/noticias\/","url":"https:\/\/www.sutherland-education.com\/es\/noticias\/","name":"Reflexiones \u00fatiles - Sutherland Education","isPartOf":{"@id":"https:\/\/www.sutherland-education.com\/#website"},"datePublished":"2024-08-29T06:32:35+00:00","dateModified":"2025-10-31T05:57:01+00:00","breadcrumb":{"@id":"https:\/\/www.sutherland-education.com\/es\/noticias\/#breadcrumb"},"inLanguage":"es","potentialAction":[{"@type":"ReadAction","target":["https:\/\/www.sutherland-education.com\/es\/noticias\/"]}]},{"@type":"BreadcrumbList","@id":"https:\/\/www.sutherland-education.com\/es\/noticias\/#breadcrumb","itemListElement":[{"@type":"ListItem","position":1,"name":"Home","item":"https:\/\/www.sutherland-education.com\/es\/inicio-2\/"},{"@type":"ListItem","position":2,"name":"Reflexiones \u00fatiles"}]},{"@type":"WebSite","@id":"https:\/\/www.sutherland-education.com\/#website","url":"https:\/\/www.sutherland-education.com\/","name":"Sutherland Education","description":"","publisher":{"@id":"https:\/\/www.sutherland-education.com\/#organization"},"potentialAction":[{"@type":"SearchAction","target":{"@type":"EntryPoint","urlTemplate":"https:\/\/www.sutherland-education.com\/?s={search_term_string}"},"query-input":{"@type":"PropertyValueSpecification","valueRequired":true,"valueName":"search_term_string"}}],"inLanguage":"es"},{"@type":"Organization","@id":"https:\/\/www.sutherland-education.com\/#organization","name":"Sutherland Education","url":"https:\/\/www.sutherland-education.com\/","logo":{"@type":"ImageObject","inLanguage":"es","@id":"https:\/\/www.sutherland-education.com\/#\/schema\/logo\/image\/","url":"https:\/\/www.sutherland-education.com\/wp-content\/uploads\/2024\/08\/SEG-logo-1.svg","contentUrl":"https:\/\/www.sutherland-education.com\/wp-content\/uploads\/2024\/08\/SEG-logo-1.svg","width":273,"height":60,"caption":"Sutherland Education"},"image":{"@id":"https:\/\/www.sutherland-education.com\/#\/schema\/logo\/image\/"}}]}},"_links":{"self":[{"href":"https:\/\/www.sutherland-education.com\/es\/wp-json\/wp\/v2\/pages\/5828","targetHints":{"allow":["GET"]}}],"collection":[{"href":"https:\/\/www.sutherland-education.com\/es\/wp-json\/wp\/v2\/pages"}],"about":[{"href":"https:\/\/www.sutherland-education.com\/es\/wp-json\/wp\/v2\/types\/page"}],"author":[{"embeddable":true,"href":"https:\/\/www.sutherland-education.com\/es\/wp-json\/wp\/v2\/users\/1"}],"replies":[{"embeddable":true,"href":"https:\/\/www.sutherland-education.com\/es\/wp-json\/wp\/v2\/comments?post=5828"}],"version-history":[{"count":3,"href":"https:\/\/www.sutherland-education.com\/es\/wp-json\/wp\/v2\/pages\/5828\/revisions"}],"predecessor-version":[{"id":7221,"href":"https:\/\/www.sutherland-education.com\/es\/wp-json\/wp\/v2\/pages\/5828\/revisions\/7221"}],"wp:attachment":[{"href":"https:\/\/www.sutherland-education.com\/es\/wp-json\/wp\/v2\/media?parent=5828"}],"curies":[{"name":"wp","href":"https:\/\/api.w.org\/{rel}","templated":true}]}}